{"id":550,"date":"2023-09-20T12:59:35","date_gmt":"2023-09-20T12:59:35","guid":{"rendered":"https:\/\/iicp.campusdumonde.org\/?page_id=550"},"modified":"2023-09-20T13:20:45","modified_gmt":"2023-09-20T13:20:45","slug":"blog","status":"publish","type":"page","link":"https:\/\/iicp.campusdumonde.org\/en\/blog\/","title":{"rendered":"Blog"},"content":{"rendered":"<div data-elementor-type=\"wp-page\" data-elementor-id=\"550\" class=\"elementor elementor-550\">\n\t\t\t\t\t\t<section class=\"elementor-section elementor-top-section elementor-element elementor-element-89ae40d elementor-section-boxed elementor-section-height-default elementor-section-height-default\" data-id=\"89ae40d\" data-element_type=\"section\">\n\t\t\t\t\t\t<div class=\"elementor-container elementor-column-gap-default\">\n\t\t\t\t\t<div class=\"elementor-column elementor-col-100 elementor-top-column elementor-element elementor-element-7c6e502\" data-id=\"7c6e502\" data-element_type=\"column\">\n\t\t\t<div class=\"elementor-widget-wrap elementor-element-populated\">\n\t\t\t\t\t\t<div class=\"elementor-element elementor-element-ac1255e elementor-widget elementor-widget-heading\" data-id=\"ac1255e\" data-element_type=\"widget\" data-widget_type=\"heading.default\">\n\t\t\t\t<div class=\"elementor-widget-container\">\n\t\t\t\t\t<h2 class=\"elementor-heading-title elementor-size-default\">BLOG<\/h2>\t\t\t\t<\/div>\n\t\t\t\t<\/div>\n\t\t\t\t\t<\/div>\n\t\t<\/div>\n\t\t\t\t\t<\/div>\n\t\t<\/section>\n\t\t\t\t<section class=\"elementor-section elementor-top-section elementor-element elementor-element-b00ce2c elementor-section-boxed elementor-section-height-default elementor-section-height-default\" data-id=\"b00ce2c\" data-element_type=\"section\">\n\t\t\t\t\t\t<div class=\"elementor-container elementor-column-gap-default\">\n\t\t\t\t\t<div class=\"elementor-column elementor-col-100 elementor-top-column elementor-element elementor-element-a368918\" data-id=\"a368918\" data-element_type=\"column\">\n\t\t\t<div class=\"elementor-widget-wrap elementor-element-populated\">\n\t\t\t\t\t\t<div class=\"elementor-element elementor-element-ee59405 section-title-align-left title-alignment-center meta-visibility-show section-title-style-style1 title_position_default title_hover_border_default title-default img_hover_animation_default meta_position_default tpg-is-author-icon-show author-image-visibility-icon tpg-category-position-default readmore-btn-default-style grid-hover-overlay-type-always tpg-el-box-border-enable tpg-border-bottom-disable elementor-widget elementor-widget-tpg-grid-layout\" data-id=\"ee59405\" data-element_type=\"widget\" data-widget_type=\"tpg-grid-layout.default\">\n\t\t\t\t<div class=\"elementor-widget-container\">\n\t\t\t\t\t\t\t<div class=\"rt-container-fluid rt-tpg-container tpg-el-main-wrapper clearfix grid-layout1-main\"\n\t\t\t id=\"rt-tpg-container-3595265013\"\n\t\t\t data-layout=\"grid-layout1\"\n\t\t\t data-grid-style=\"tpg-full-height\"\n\t\t\t data-sc-id=\"elementor\"\n\t\t\t data-el-settings=''\n\t\t\t data-el-query=''\n\t\t\t data-el-path=''\n\t\t>\n\t\t\t\t\t\t<div class='tpg-header-wrapper'>\n\t\t\t\t\n        <div class=\"tpg-widget-heading-wrapper rt-clear heading-style1\">\n            <span class=\"tpg-widget-heading-line line-left\"><\/span>\n\t\t\t<h2 class='tpg-widget-heading'>\n\t\t\t\n\t\t\t\t                    <span>\n\t\t\t\t\t\tLes derniers articles publi\u00e9s\t\t\t\t\t<\/span>\n\t\t\t\t\t\n\t\t\t\t\t\t\t<\/h2>            <span class=\"tpg-widget-heading-line line-right\"><\/span>\n\n\t\t\t\n        <\/div>\n\n\t\t\n\t\t\t\t\t<\/div>\n\n\t\t\t<div data-title=\"Loading ...\" class=\"rt-row rt-content-loader grid-layout1 grid-behaviour tpg-full-height grid_layout_wrapper\">\n\t\t\t\t<div class=\"rt-col-md-4 rt-col-sm-6 rt-col-xs-12 default rt-grid-item post-893 post type-post status-publish format-standard has-post-thumbnail hentry category-uncategorized\"\t\tdata-id=\"893\">\n\t<div class=\"rt-holder tpg-post-holder\">\n\t\t<div class=\"rt-detail rt-el-content-wrapper\">\n\t\t\t\t\t\t\t<div class=\"rt-img-holder tpg-el-image-wrap has-thumbnail\">\n\t\t\t\t\t<a data-id=\"893\" href=\"https:\/\/iicp.campusdumonde.org\/en\/logiciel-de-gestion-des-marches-publics-e-sigamp-la-solution\/\" class=\"tpg-post-link\" target=\"_self\">                        <img fetchpriority=\"high\" decoding=\"async\" src=\"https:\/\/iicp.campusdumonde.org\/wp-content\/uploads\/2026\/02\/dematerialisation-des-marches-publics-avec-e-sigamp-768x384.jpg\"\n                             class=\"rt-img-responsive\"\n                             width=\"768\"\n                             height=\"384\"\n                             alt=\"D\u00e9mat\u00e9rialisation des march\u00e9s publics avec e-sigamp\">\n\t\t\t\t\t\t\n\t\t\t\t\t\t\t\n\t\t<\/a>\n\t\t        <div class=\"overlay grid-hover-content\"><\/div>\n\t\t\t\t\t\t<\/div>\n\t\t\t\n\t\t\t<div class=\"entry-title-wrapper\"><h3 class=\"entry-title\"><a data-id=\"893\" href=\"https:\/\/iicp.campusdumonde.org\/en\/logiciel-de-gestion-des-marches-publics-e-sigamp-la-solution\/\" class=\"tpg-post-link\" target=\"_self\">Logiciel de Gestion des March\u00e9s Publics : e-SIGAMP R\u00e9volutionne la Commande Publique au Cameroun<\/a><\/h3><\/div>\n\t\t\t\t\t\t\t<div class=\"post-meta-tags rt-el-post-meta\">\n\t\t\t\t\t            <span class='author'>\n\n\t\t\t\t<i class='fa fa-user'><\/i><span class='author-prefix'>By<\/span><a href=\"https:\/\/iicp.campusdumonde.org\/en\/author\/iicp\/\">IICP<\/a>\t\t\t<\/span>\n\t\t\t            <span class='date'>\n\t\t\t\t<i class='far fa-calendar-alt'><\/i>\t\t\t\t                    <a href=\"https:\/\/iicp.campusdumonde.org\/en\/2026\/02\/10\/\">\n\t\t\t\t\tFebruary 10, 2026\t\t\t\t<\/a>\n\t\t\t\t\t\t\t<\/span>\n\t\t\t            <span class='categories-links'>\n\t\t\t\t<i class='fas fa-folder-open'><\/i><a class=\"uncategorized\" href=\"https:\/\/iicp.campusdumonde.org\/en\/category\/uncategorized\/\">Uncategorized<\/a>\n\t\t\t<\/span>\n\t\t\t\t\t\t\t<\/div>\n\t\t\t\n\n\t\t\t\t\t\t\t<div class=\"tpg-excerpt tpg-el-excerpt\">\n\t\t\t\t\t\t\t\t\t\t\t<div class=\"tpg-excerpt-inner\">\n\t\t\t\t\t\t\tLa d\u00e9mat\u00e9rialisation des march\u00e9s publics n'est plus une option, c'est une n\u00e9cessit\u00e9. Au Cameroun, les administrations publiques font face \u00e0 des d\u00e9fis majeurs : proc\u00e9dures administratives chronophages...\t\t\t\t\t\t<\/div>\n\t\t\t\t\t\t\t\t\t\t\t\t\t\t<\/div>\n\t\t\t\n\t\t\t        <div class=\"post-footer\">\n            <div class=\"post-footer\">\n                <div class=\"read-more\">\n\t\t\t\t\t<a data-id=\"893\" href=\"https:\/\/iicp.campusdumonde.org\/en\/logiciel-de-gestion-des-marches-publics-e-sigamp-la-solution\/\" class=\"tpg-post-link\" target=\"_self\">Lire Plus<\/a>                <\/div>\n            <\/div>\n        <\/div>\n\t\t\t\t<\/div>\n\t<\/div>\n<\/div>\n<div class=\"rt-col-md-4 rt-col-sm-6 rt-col-xs-12 default rt-grid-item post-1 post type-post status-publish format-standard has-post-thumbnail hentry category-uncategorized\"\t\tdata-id=\"1\">\n\t<div class=\"rt-holder tpg-post-holder\">\n\t\t<div class=\"rt-detail rt-el-content-wrapper\">\n\t\t\t\t\t\t\t<div class=\"rt-img-holder tpg-el-image-wrap has-thumbnail\">\n\t\t\t\t\t<a data-id=\"1\" href=\"https:\/\/iicp.campusdumonde.org\/en\/5-raisons-de-devenir-consultant-fonctionnel-sap-en-2023\/\" class=\"tpg-post-link\" target=\"_self\">                        <img decoding=\"async\" src=\"https:\/\/iicp.campusdumonde.org\/wp-content\/uploads\/2023\/06\/article-SAP-768x483.jpg\"\n                             class=\"rt-img-responsive\"\n                             width=\"768\"\n                             height=\"483\"\n                             alt=\"Devenir consultant fonctionnel SAP en 2023\">\n\t\t\t\t\t\t\n\t\t\t\t\t\t\t\n\t\t<\/a>\n\t\t        <div class=\"overlay grid-hover-content\"><\/div>\n\t\t\t\t\t\t<\/div>\n\t\t\t\n\t\t\t<div class=\"entry-title-wrapper\"><h3 class=\"entry-title\"><a data-id=\"1\" href=\"https:\/\/iicp.campusdumonde.org\/en\/5-raisons-de-devenir-consultant-fonctionnel-sap-en-2023\/\" class=\"tpg-post-link\" target=\"_self\">5 reasons to become an SAP functional consultant in 2023<\/a><\/h3><\/div>\n\t\t\t\t\t\t\t<div class=\"post-meta-tags rt-el-post-meta\">\n\t\t\t\t\t            <span class='author'>\n\n\t\t\t\t<i class='fa fa-user'><\/i><span class='author-prefix'>By<\/span><a href=\"https:\/\/iicp.campusdumonde.org\/en\/author\/iicp\/\">IICP<\/a>\t\t\t<\/span>\n\t\t\t            <span class='date'>\n\t\t\t\t<i class='far fa-calendar-alt'><\/i>\t\t\t\t                    <a href=\"https:\/\/iicp.campusdumonde.org\/en\/2023\/06\/27\/\">\n\t\t\t\t\tJune 27, 2023\t\t\t\t<\/a>\n\t\t\t\t\t\t\t<\/span>\n\t\t\t            <span class='categories-links'>\n\t\t\t\t<i class='fas fa-folder-open'><\/i><a class=\"uncategorized\" href=\"https:\/\/iicp.campusdumonde.org\/en\/category\/uncategorized\/\">Uncategorized<\/a>\n\t\t\t<\/span>\n\t\t\t\t\t\t\t<\/div>\n\t\t\t\n\n\t\t\t\t\t\t\t<div class=\"tpg-excerpt tpg-el-excerpt\">\n\t\t\t\t\t\t\t\t\t\t\t<div class=\"tpg-excerpt-inner\">\n\t\t\t\t\t\t\t5 raisons de devenir consultant fonctionnel SAP en 2023 Si vous \u00eates un passionn\u00e9 de la digitalisation et des outils num\u00e9riques, que vous ayez un background en sciences gestions, \u00e9conomiques...\t\t\t\t\t\t<\/div>\n\t\t\t\t\t\t\t\t\t\t\t\t\t\t<\/div>\n\t\t\t\n\t\t\t        <div class=\"post-footer\">\n            <div class=\"post-footer\">\n                <div class=\"read-more\">\n\t\t\t\t\t<a data-id=\"1\" href=\"https:\/\/iicp.campusdumonde.org\/en\/5-raisons-de-devenir-consultant-fonctionnel-sap-en-2023\/\" class=\"tpg-post-link\" target=\"_self\">Lire Plus<\/a>                <\/div>\n            <\/div>\n        <\/div>\n\t\t\t\t<\/div>\n\t<\/div>\n<\/div>\n\t\t\t<\/div>\n\t\t\t\n\t\t<\/div>\n\t\t\t\t\t\t<\/div>\n\t\t\t\t<\/div>\n\t\t\t\t\t<\/div>\n\t\t<\/div>\n\t\t\t\t\t<\/div>\n\t\t<\/section>\n\t\t\t\t<\/div>","protected":false},"excerpt":{"rendered":"<p>BLOG Les derniers articles publi\u00e9s 5 raisons de devenir consultant fonctionnel SAP en 2023 ByIICP June 27, 2023 Uncategorized 5 raisons de devenir consultant fonctionnel SAP en 2023 Si vous \u00eates attir\u00e9 par le domaine des logiciels de gestion d&#8217;entreprise et que vous recherchez une carri\u00e8re alliant comp\u00e9tences&#8230; Lire Plus<\/p>","protected":false},"author":1,"featured_media":0,"parent":0,"menu_order":0,"comment_status":"closed","ping_status":"closed","template":"","meta":{"om_disable_all_campaigns":false,"_monsterinsights_skip_tracking":false,"_monsterinsights_sitenote_active":false,"_monsterinsights_sitenote_note":"","_monsterinsights_sitenote_category":0,"site-sidebar-layout":"no-sidebar","site-content-layout":"page-builder","ast-global-header-display":"","ast-banner-title-visibility":"","ast-main-header-display":"","ast-hfb-above-header-display":"","ast-hfb-below-header-display":"","ast-hfb-mobile-header-display":"","site-post-title":"disabled","ast-breadcrumbs-content":"","ast-featured-img":"disabled","footer-sml-layout":"","theme-transparent-header-meta":"","adv-header-id-meta":"","stick-header-meta":"","header-above-stick-meta":"","header-main-stick-meta":"","header-below-stick-meta":"","footnotes":""},"class_list":["post-550","page","type-page","status-publish","hentry"],"yoast_head":"<!-- This site is optimized with the Yoast SEO plugin v27.4 - https:\/\/yoast.com\/product\/yoast-seo-wordpress\/ -->\n<title>Blog -<\/title>\n<meta name=\"robots\" content=\"index, follow, max-snippet:-1, max-image-preview:large, max-video-preview:-1\" \/>\n<link rel=\"canonical\" href=\"https:\/\/iicp.campusdumonde.org\/en\/blog\/\" \/>\n<meta property=\"og:locale\" content=\"en_GB\" \/>\n<meta property=\"og:type\" content=\"article\" \/>\n<meta property=\"og:title\" content=\"Blog -\" \/>\n<meta property=\"og:description\" content=\"BLOG Les derniers articles publi\u00e9s 5 raisons de devenir consultant fonctionnel SAP en 2023 ByIICP June 27, 2023 Uncategorized 5 raisons de devenir consultant fonctionnel SAP en 2023 Si vous \u00eates attir\u00e9 par le domaine des logiciels de gestion d&#8217;entreprise et que vous recherchez une carri\u00e8re alliant comp\u00e9tences&#8230; Lire Plus\" \/>\n<meta property=\"og:url\" content=\"https:\/\/iicp.campusdumonde.org\/en\/blog\/\" \/>\n<meta property=\"article:modified_time\" content=\"2023-09-20T13:20:45+00:00\" \/>\n<meta property=\"og:image\" content=\"https:\/\/iicp.campusdumonde.org\/wp-content\/uploads\/2023\/06\/article-SAP-768x483.jpg\" \/>\n<meta name=\"twitter:card\" content=\"summary_large_image\" \/>\n<meta name=\"twitter:label1\" content=\"Estimated reading time\" \/>\n\t<meta name=\"twitter:data1\" content=\"1 minute\" \/>\n<script type=\"application\/ld+json\" class=\"yoast-schema-graph\">{\"@context\":\"https:\\\/\\\/schema.org\",\"@graph\":[{\"@type\":\"WebPage\",\"@id\":\"https:\\\/\\\/iicp.campusdumonde.org\\\/blog\\\/\",\"url\":\"https:\\\/\\\/iicp.campusdumonde.org\\\/blog\\\/\",\"name\":\"Blog -\",\"isPartOf\":{\"@id\":\"https:\\\/\\\/iicp.campusdumonde.org\\\/#website\"},\"primaryImageOfPage\":{\"@id\":\"https:\\\/\\\/iicp.campusdumonde.org\\\/blog\\\/#primaryimage\"},\"image\":{\"@id\":\"https:\\\/\\\/iicp.campusdumonde.org\\\/blog\\\/#primaryimage\"},\"thumbnailUrl\":\"https:\\\/\\\/iicp.campusdumonde.org\\\/wp-content\\\/uploads\\\/2023\\\/06\\\/article-SAP-768x483.jpg\",\"datePublished\":\"2023-09-20T12:59:35+00:00\",\"dateModified\":\"2023-09-20T13:20:45+00:00\",\"breadcrumb\":{\"@id\":\"https:\\\/\\\/iicp.campusdumonde.org\\\/blog\\\/#breadcrumb\"},\"inLanguage\":\"en-GB\",\"potentialAction\":[{\"@type\":\"ReadAction\",\"target\":[\"https:\\\/\\\/iicp.campusdumonde.org\\\/blog\\\/\"]}]},{\"@type\":\"ImageObject\",\"inLanguage\":\"en-GB\",\"@id\":\"https:\\\/\\\/iicp.campusdumonde.org\\\/blog\\\/#primaryimage\",\"url\":\"https:\\\/\\\/iicp.campusdumonde.org\\\/wp-content\\\/uploads\\\/2023\\\/06\\\/article-SAP-768x483.jpg\",\"contentUrl\":\"https:\\\/\\\/iicp.campusdumonde.org\\\/wp-content\\\/uploads\\\/2023\\\/06\\\/article-SAP-768x483.jpg\"},{\"@type\":\"BreadcrumbList\",\"@id\":\"https:\\\/\\\/iicp.campusdumonde.org\\\/blog\\\/#breadcrumb\",\"itemListElement\":[{\"@type\":\"ListItem\",\"position\":1,\"name\":\"Home\",\"item\":\"https:\\\/\\\/iicp.campusdumonde.org\\\/\"},{\"@type\":\"ListItem\",\"position\":2,\"name\":\"Blog\"}]},{\"@type\":\"WebSite\",\"@id\":\"https:\\\/\\\/iicp.campusdumonde.org\\\/#website\",\"url\":\"https:\\\/\\\/iicp.campusdumonde.org\\\/\",\"name\":\"\",\"description\":\"Boostez vos comp\u00e9tences en march\u00e9s publics\",\"potentialAction\":[{\"@type\":\"SearchAction\",\"target\":{\"@type\":\"EntryPoint\",\"urlTemplate\":\"https:\\\/\\\/iicp.campusdumonde.org\\\/?s={search_term_string}\"},\"query-input\":{\"@type\":\"PropertyValueSpecification\",\"valueRequired\":true,\"valueName\":\"search_term_string\"}}],\"inLanguage\":\"en-GB\"}]}<\/script>\n<!-- \/ Yoast SEO plugin. -->","yoast_head_json":{"title":"Blog -","robots":{"index":"index","follow":"follow","max-snippet":"max-snippet:-1","max-image-preview":"max-image-preview:large","max-video-preview":"max-video-preview:-1"},"canonical":"https:\/\/iicp.campusdumonde.org\/en\/blog\/","og_locale":"en_GB","og_type":"article","og_title":"Blog -","og_description":"BLOG Les derniers articles publi\u00e9s 5 raisons de devenir consultant fonctionnel SAP en 2023 ByIICP June 27, 2023 Uncategorized 5 raisons de devenir consultant fonctionnel SAP en 2023 Si vous \u00eates attir\u00e9 par le domaine des logiciels de gestion d&#8217;entreprise et que vous recherchez une carri\u00e8re alliant comp\u00e9tences&#8230; Lire Plus","og_url":"https:\/\/iicp.campusdumonde.org\/en\/blog\/","article_modified_time":"2023-09-20T13:20:45+00:00","og_image":[{"url":"https:\/\/iicp.campusdumonde.org\/wp-content\/uploads\/2023\/06\/article-SAP-768x483.jpg","type":"","width":"","height":""}],"twitter_card":"summary_large_image","twitter_misc":{"Estimated reading time":"1 minute"},"schema":{"@context":"https:\/\/schema.org","@graph":[{"@type":"WebPage","@id":"https:\/\/iicp.campusdumonde.org\/blog\/","url":"https:\/\/iicp.campusdumonde.org\/blog\/","name":"Blog -","isPartOf":{"@id":"https:\/\/iicp.campusdumonde.org\/#website"},"primaryImageOfPage":{"@id":"https:\/\/iicp.campusdumonde.org\/blog\/#primaryimage"},"image":{"@id":"https:\/\/iicp.campusdumonde.org\/blog\/#primaryimage"},"thumbnailUrl":"https:\/\/iicp.campusdumonde.org\/wp-content\/uploads\/2023\/06\/article-SAP-768x483.jpg","datePublished":"2023-09-20T12:59:35+00:00","dateModified":"2023-09-20T13:20:45+00:00","breadcrumb":{"@id":"https:\/\/iicp.campusdumonde.org\/blog\/#breadcrumb"},"inLanguage":"en-GB","potentialAction":[{"@type":"ReadAction","target":["https:\/\/iicp.campusdumonde.org\/blog\/"]}]},{"@type":"ImageObject","inLanguage":"en-GB","@id":"https:\/\/iicp.campusdumonde.org\/blog\/#primaryimage","url":"https:\/\/iicp.campusdumonde.org\/wp-content\/uploads\/2023\/06\/article-SAP-768x483.jpg","contentUrl":"https:\/\/iicp.campusdumonde.org\/wp-content\/uploads\/2023\/06\/article-SAP-768x483.jpg"},{"@type":"BreadcrumbList","@id":"https:\/\/iicp.campusdumonde.org\/blog\/#breadcrumb","itemListElement":[{"@type":"ListItem","position":1,"name":"Home","item":"https:\/\/iicp.campusdumonde.org\/"},{"@type":"ListItem","position":2,"name":"Blog"}]},{"@type":"WebSite","@id":"https:\/\/iicp.campusdumonde.org\/#website","url":"https:\/\/iicp.campusdumonde.org\/","name":"","description":"Boostez vos comp\u00e9tences en march\u00e9s publics","potentialAction":[{"@type":"SearchAction","target":{"@type":"EntryPoint","urlTemplate":"https:\/\/iicp.campusdumonde.org\/?s={search_term_string}"},"query-input":{"@type":"PropertyValueSpecification","valueRequired":true,"valueName":"search_term_string"}}],"inLanguage":"en-GB"}]}},"rttpg_featured_image_url":null,"rttpg_author":{"display_name":"IICP","author_link":"https:\/\/iicp.campusdumonde.org\/en\/author\/iicp\/"},"rttpg_comment":0,"rttpg_category":"","rttpg_excerpt":"BLOG Les derniers articles publi\u00e9s 5 raisons de devenir consultant fonctionnel SAP en 2023 ByIICP June 27, 2023 Uncategorized 5 raisons de devenir consultant fonctionnel SAP en 2023 Si vous \u00eates attir\u00e9 par le domaine des logiciels de gestion d&#8217;entreprise et que vous recherchez une carri\u00e8re alliant comp\u00e9tences&#8230; Lire Plus","_links":{"self":[{"href":"https:\/\/iicp.campusdumonde.org\/en\/wp-json\/wp\/v2\/pages\/550","targetHints":{"allow":["GET"]}}],"collection":[{"href":"https:\/\/iicp.campusdumonde.org\/en\/wp-json\/wp\/v2\/pages"}],"about":[{"href":"https:\/\/iicp.campusdumonde.org\/en\/wp-json\/wp\/v2\/types\/page"}],"author":[{"embeddable":true,"href":"https:\/\/iicp.campusdumonde.org\/en\/wp-json\/wp\/v2\/users\/1"}],"replies":[{"embeddable":true,"href":"https:\/\/iicp.campusdumonde.org\/en\/wp-json\/wp\/v2\/comments?post=550"}],"version-history":[{"count":10,"href":"https:\/\/iicp.campusdumonde.org\/en\/wp-json\/wp\/v2\/pages\/550\/revisions"}],"predecessor-version":[{"id":561,"href":"https:\/\/iicp.campusdumonde.org\/en\/wp-json\/wp\/v2\/pages\/550\/revisions\/561"}],"wp:attachment":[{"href":"https:\/\/iicp.campusdumonde.org\/en\/wp-json\/wp\/v2\/media?parent=550"}],"curies":[{"name":"wp","href":"https:\/\/api.w.org\/{rel}","templated":true}]}}