{"id":914,"date":"2026-02-11T12:27:47","date_gmt":"2026-02-11T12:27:47","guid":{"rendered":"https:\/\/iicp.campusdumonde.org\/?page_id=914"},"modified":"2026-02-11T12:31:58","modified_gmt":"2026-02-11T12:31:58","slug":"telecharger-le-catalogue-2026","status":"publish","type":"page","link":"https:\/\/iicp.campusdumonde.org\/en\/telecharger-le-catalogue-2026\/","title":{"rendered":"T\u00e9l\u00e9charger le catalogue 2026"},"content":{"rendered":"<div data-elementor-type=\"wp-page\" data-elementor-id=\"914\" class=\"elementor elementor-914\">\n\t\t\t\t\t\t<section class=\"elementor-section elementor-top-section elementor-element elementor-element-5b62ae2 elementor-section-height-min-height elementor-section-boxed elementor-section-height-default elementor-section-items-middle\" data-id=\"5b62ae2\" data-element_type=\"section\" data-settings=\"{&quot;background_background&quot;:&quot;classic&quot;}\">\n\t\t\t\t\t\t<div class=\"elementor-container elementor-column-gap-default\">\n\t\t\t\t\t<div class=\"elementor-column elementor-col-100 elementor-top-column elementor-element elementor-element-fecb2f7\" data-id=\"fecb2f7\" data-element_type=\"column\">\n\t\t\t<div class=\"elementor-widget-wrap elementor-element-populated\">\n\t\t\t\t\t\t<div class=\"elementor-element elementor-element-1ba868f elementor-widget elementor-widget-html\" data-id=\"1ba868f\" data-element_type=\"widget\" data-widget_type=\"html.default\">\n\t\t\t\t<div class=\"elementor-widget-container\">\n\t\t\t\t\t<div class=\"mp2026-hero\">\r\n  <div class=\"mp2026-line mp2026-line-top\">\r\n    <span class=\"mp2026-text-white mp2026-top-main\">\r\n      ET SI 2026 MARQUAIT\r\n    <\/span>\r\n    <span class=\"mp2026-text-white mp2026-top-small\">\r\n      VOTRE\r\n    <\/span>\r\n  <\/div>\r\n\r\n  <div class=\"mp2026-line mp2026-line-bottom\">\r\n    <span class=\"mp2026-text-accent mp2026-bottom-main\">\r\n      EXCELLENCE EN MARCH\u00e9S <br>PUBLICS ?\r\n    <\/span>\r\n  <\/div>\r\n<\/div>\r\n\r\n<style>\r\n\/* Bloc principal *\/\r\n.mp2026-hero {\r\n  font-family: \"Bebas Neue\", \"Arial\", sans-serif;\r\n  text-transform: uppercase;\r\n  line-height: 0.78;\r\n  padding: 10px 0;\r\n}\r\n\r\n\/* Lignes *\/\r\n.mp2026-line {\r\n  width: 100%;\r\n}\r\n\r\n\/* Ligne du haut : bloc 1 + bloc 2 sur la m\u00eame ligne *\/\r\n.mp2026-line-top {\r\n  display: flex;\r\n  flex-wrap: wrap;\r\n  align-items: baseline;\r\n  gap: 0.1em;\r\n}\r\n\r\n\/* Ligne du bas : bloc 3 seul *\/\r\n.mp2026-line-bottom {\r\n  display: block;\r\n}\r\n\r\n\/* Couleurs *\/\r\n.mp2026-text-white {\r\n  color: #ffffff;\r\n}\r\n\r\n.mp2026-text-accent {\r\n  color: #d0820f; \/* jaune\/orang\u00e9 proche du visuel *\/\r\n}\r\n\r\n\/* Tailles + graisse (desktop) *\/\r\n.mp2026-top-main {\r\n  font-size: 70px;\r\n  font-weight: 800;\r\n  letter-spacing: 0em;\r\n}\r\n\r\n.mp2026-top-small {\r\n  font-size: 36px;\r\n  font-weight: 700;\r\n  letter-spacing: 0em;\r\n}\r\n\r\n.mp2026-bottom-main {\r\n  font-size: 70px;\r\n  font-weight: 900;\r\n  letter-spacing: 0em;\r\n}\r\n\r\n\/* Espacement vertical *\/\r\n.mp2026-line-top {\r\n  margin-bottom: 6px;\r\n}\r\n\r\n\/* Responsif *\/\r\n@media (max-width: 768px) {\r\n  .mp2026-top-main {\r\n    font-size: 44px;\r\n    \r\n  }\r\n  .mp2026-top-small {\r\n    font-size: 24px;\r\n  }\r\n  .mp2026-bottom-main {\r\n    font-size: 44px;\r\n  }\r\n}\r\n\r\n@media (max-width: 480px) {\r\n  .mp2026-line-top {\r\n    flex-direction: column;\r\n    align-items: flex-start;\r\n    gap: 0;\r\n  }\r\n  .mp2026-top-main {\r\n    font-size: 36px;\r\n  }\r\n  .mp2026-top-small {\r\n    font-size: 16px;\r\n  }\r\n  .mp2026-bottom-main {\r\n    font-size: 36px;\r\n  }\r\n}\r\n<\/style>\r\n\t\t\t\t<\/div>\n\t\t\t\t<\/div>\n\t\t\t\t<div class=\"elementor-element elementor-element-09790bf elementor-widget elementor-widget-button\" data-id=\"09790bf\" data-element_type=\"widget\" data-widget_type=\"button.default\">\n\t\t\t\t<div class=\"elementor-widget-container\">\n\t\t\t\t\t\t\t\t\t<div class=\"elementor-button-wrapper\">\n\t\t\t\t\t<a class=\"elementor-button elementor-button-link elementor-size-sm\" href=\"#cata2026\">\n\t\t\t\t\t\t<span class=\"elementor-button-content-wrapper\">\n\t\t\t\t\t\t\t\t\t<span class=\"elementor-button-text\">TELECHARGER LE CATALOGUE<\/span>\n\t\t\t\t\t<\/span>\n\t\t\t\t\t<\/a>\n\t\t\t\t<\/div>\n\t\t\t\t\t\t\t\t<\/div>\n\t\t\t\t<\/div>\n\t\t\t\t\t<\/div>\n\t\t<\/div>\n\t\t\t\t\t<\/div>\n\t\t<\/section>\n\t\t\t\t<section class=\"elementor-section elementor-top-section elementor-element elementor-element-aee5cdc cata2026 elementor-section-boxed elementor-section-height-default elementor-section-height-default\" data-id=\"aee5cdc\" data-element_type=\"section\">\n\t\t\t\t\t\t<div class=\"elementor-container elementor-column-gap-default\">\n\t\t\t\t\t<div class=\"elementor-column elementor-col-100 elementor-top-column elementor-element elementor-element-0c1b040\" data-id=\"0c1b040\" data-element_type=\"column\">\n\t\t\t<div class=\"elementor-widget-wrap elementor-element-populated\">\n\t\t\t\t\t\t<div class=\"elementor-element elementor-element-caf4d1e elementor-widget elementor-widget-spacer\" data-id=\"caf4d1e\" data-element_type=\"widget\" data-widget_type=\"spacer.default\">\n\t\t\t\t<div class=\"elementor-widget-container\">\n\t\t\t\t\t\t\t<div class=\"elementor-spacer\">\n\t\t\t<div class=\"elementor-spacer-inner\"><\/div>\n\t\t<\/div>\n\t\t\t\t\t\t<\/div>\n\t\t\t\t<\/div>\n\t\t\t\t<div class=\"elementor-element elementor-element-2bcc71d elementor-widget elementor-widget-heading\" data-id=\"2bcc71d\" data-element_type=\"widget\" data-widget_type=\"heading.default\">\n\t\t\t\t<div class=\"elementor-widget-container\">\n\t\t\t\t\t<h2 class=\"elementor-heading-title elementor-size-default\">T\u00e9l\u00e9charge le catalogue des formations<\/h2>\t\t\t\t<\/div>\n\t\t\t\t<\/div>\n\t\t\t\t<div class=\"elementor-element elementor-element-e2c765f elementor-widget elementor-widget-text-editor\" data-id=\"e2c765f\" data-element_type=\"widget\" data-widget_type=\"text-editor.default\">\n\t\t\t\t<div class=\"elementor-widget-container\">\n\t\t\t\t\t\t\t\t\t<p>Remplissez le formulaire pour recevoir le catalogue des formations IICP 2026 directement dans votre bo\u00eete mail.<\/p>\t\t\t\t\t\t\t\t<\/div>\n\t\t\t\t<\/div>\n\t\t\t\t<section class=\"elementor-section elementor-inner-section elementor-element elementor-element-7173286 elementor-section-boxed elementor-section-height-default elementor-section-height-default\" data-id=\"7173286\" data-element_type=\"section\" id=\"cata2026\">\n\t\t\t\t\t\t<div class=\"elementor-container elementor-column-gap-default\">\n\t\t\t\t\t<div class=\"elementor-column elementor-col-33 elementor-inner-column elementor-element elementor-element-014f71e\" data-id=\"014f71e\" data-element_type=\"column\">\n\t\t\t<div class=\"elementor-widget-wrap\">\n\t\t\t\t\t\t\t<\/div>\n\t\t<\/div>\n\t\t\t\t<div class=\"elementor-column elementor-col-33 elementor-inner-column elementor-element elementor-element-6c90118\" data-id=\"6c90118\" data-element_type=\"column\">\n\t\t\t<div class=\"elementor-widget-wrap elementor-element-populated\">\n\t\t\t\t\t\t<div class=\"elementor-element elementor-element-259551b elementor-widget elementor-widget-shortcode\" data-id=\"259551b\" data-element_type=\"widget\" data-widget_type=\"shortcode.default\">\n\t\t\t\t<div class=\"elementor-widget-container\">\n\t\t\t\t\t\t\t<div class=\"elementor-shortcode\"><div class='fluentform ff-default fluentform_wrapper_9 ffs_default_wrap'><form data-form_id=\"9\" id=\"fluentform_9\" class=\"frm-fluent-form fluent_form_9 ff-el-form-top ff_form_instance_9_1 ff-form-loading ffs_default\" data-form_instance=\"ff_form_instance_9_1\" method=\"POST\" action=\"\" ><fieldset  style=\"border: none!important;margin: 0!important;padding: 0!important;background-color: transparent!important;box-shadow: none!important;outline: none!important; min-inline-size: 100%;\">\n                    <legend class=\"ff_screen_reader_title\" style=\"display: block; margin: 0!important;padding: 0!important;height: 0!important;text-indent: -999999px;width: 0!important;overflow:hidden;\">T\u00e9l\u00e9charger le catalogue de formations<\/legend><input type='hidden' name='__fluent_form_embded_post_id' value='914' \/><input type=\"hidden\" id=\"_fluentform_9_fluentformnonce\" name=\"_fluentform_9_fluentformnonce\" value=\"ac44ce0ebf\" \/><input type=\"hidden\" name=\"_wp_http_referer\" value=\"\/en\/wp-json\/wp\/v2\/pages\/914\" \/><div data-name=\"ff_cn_id_1\"  class='ff-t-container ff-column-container ff_columns_total_2'><div class='ff-t-cell ff-t-column-1' style='flex-basis: 90%;'><div data-type=\"name-element\" data-name=\"names_1\" class=\"ff-field_container ff-name-field-wrapper\" ><div class='ff-t-container'><div class='ff-t-cell'><div class='ff-el-group  ff-el-form-top'><div class=\"ff-el-input--label ff-el-is-required asterisk-right\"><label for='ff_9_names_1_first_name_' >Pr\u00e9nom<\/label><div class=\"ff-el-tooltip\" data-content=\"Exple : St\u00e9phane\"><svg width=\"16\" height=\"16\" viewbox=\"0 0 25 25\"><path d=\"m329 393l0-46c0-2-1-4-2-6-2-2-4-3-7-3l-27 0 0-146c0-3-1-5-3-7-2-1-4-2-7-2l-91 0c-3 0-5 1-7 2-1 2-2 4-2 7l0 46c0 2 1 5 2 6 2 2 4 3 7 3l27 0 0 91-27 0c-3 0-5 1-7 3-1 2-2 4-2 6l0 46c0 3 1 5 2 7 2 1 4 2 7 2l128 0c3 0 5-1 7-2 1-2 2-4 2-7z m-36-256l0-46c0-2-1-4-3-6-2-2-4-3-7-3l-54 0c-3 0-5 1-7 3-2 2-3 4-3 6l0 46c0 3 1 5 3 7 2 1 4 2 7 2l54 0c3 0 5-1 7-2 2-2 3-4 3-7z m182 119c0 40-9 77-29 110-20 34-46 60-80 80-33 20-70 29-110 29-40 0-77-9-110-29-34-20-60-46-80-80-20-33-29-70-29-110 0-40 9-77 29-110 20-34 46-60 80-80 33-20 70-29 110-29 40 0 77 9 110 29 34 20 60 46 80 80 20 33 29 70 29 110z\"><\/path><\/svg><\/div><\/div><div class='ff-el-input--content'><input type=\"text\" name=\"names_1[first_name]\" id=\"ff_9_names_1_first_name_\" class=\"ff-el-form-control\" placeholder=\"Entrez votre pr\u00e9nom\" aria-invalid=\"false\" aria-required=\"true\"><\/div><\/div><\/div><div class='ff-t-cell'><div class='ff-el-group  ff-el-form-top'><div class=\"ff-el-input--label ff-el-is-required asterisk-right\"><label for='ff_9_names_1_last_name_' >Nom<\/label><div class=\"ff-el-tooltip\" data-content=\"Exple : Siewe Kamdem\"><svg width=\"16\" height=\"16\" viewbox=\"0 0 25 25\"><path d=\"m329 393l0-46c0-2-1-4-2-6-2-2-4-3-7-3l-27 0 0-146c0-3-1-5-3-7-2-1-4-2-7-2l-91 0c-3 0-5 1-7 2-1 2-2 4-2 7l0 46c0 2 1 5 2 6 2 2 4 3 7 3l27 0 0 91-27 0c-3 0-5 1-7 3-1 2-2 4-2 6l0 46c0 3 1 5 2 7 2 1 4 2 7 2l128 0c3 0 5-1 7-2 1-2 2-4 2-7z m-36-256l0-46c0-2-1-4-3-6-2-2-4-3-7-3l-54 0c-3 0-5 1-7 3-2 2-3 4-3 6l0 46c0 3 1 5 3 7 2 1 4 2 7 2l54 0c3 0 5-1 7-2 2-2 3-4 3-7z m182 119c0 40-9 77-29 110-20 34-46 60-80 80-33 20-70 29-110 29-40 0-77-9-110-29-34-20-60-46-80-80-20-33-29-70-29-110 0-40 9-77 29-110 20-34 46-60 80-80 33-20 70-29 110-29 40 0 77 9 110 29 34 20 60 46 80 80 20 33 29 70 29 110z\"><\/path><\/svg><\/div><\/div><div class='ff-el-input--content'><input type=\"text\" name=\"names_1[last_name]\" id=\"ff_9_names_1_last_name_\" class=\"ff-el-form-control\" placeholder=\"Entrez votre nom\" aria-invalid=\"false\" aria-required=\"true\"><\/div><\/div><\/div><\/div><\/div><\/div><div class='ff-t-cell ff-t-column-2' style='flex-basis: 10%;'><\/div><\/div><div class='ff-el-group'><div class=\"ff-el-input--label ff-el-is-required asterisk-right\"><label for='ff_9_email' aria-label=\"Email\">Email<\/label><\/div><div class='ff-el-input--content'><input type=\"email\" name=\"email\" id=\"ff_9_email\" class=\"ff-el-form-control\" placeholder=\"vous@domaine.com\" data-name=\"email\"  aria-invalid=\"false\" aria-required=\"true\"><\/div><\/div><div class='ff-el-group'><div class=\"ff-el-input--label asterisk-right\"><label for='ff_9_subject' aria-label=\"Organisation \/ Entreprise\">Organisation \/ Entreprise<\/label><\/div><div class='ff-el-input--content'><input type=\"text\" name=\"subject\" class=\"ff-el-form-control\" placeholder=\"Entrez le nom de votre employeur (inscrivez RAS si vous \u00eates \u00e9tudiant, consultant individuel ou sans emploi)\" data-name=\"subject\" id=\"ff_9_subject\"  aria-invalid=\"false\" aria-required=\"false\"><\/div><\/div><div class='ff-el-group'><div class=\"ff-el-input--label asterisk-right\"><label for='ff_9_input_text' aria-label=\"Ville de r\u00e9sidence\">Ville de r\u00e9sidence<\/label><\/div><div class='ff-el-input--content'><input type=\"text\" name=\"input_text\" class=\"ff-el-form-control\" placeholder=\"Entrez votre ville de r\u00e9sidence\" data-name=\"input_text\" id=\"ff_9_input_text\"  aria-invalid=\"false\" aria-required=\"false\"><\/div><\/div><div class='ff-el-group ff-text-left ff_submit_btn_wrapper'><button type=\"submit\" class=\"ff-btn ff-btn-submit ff-btn-md ff_btn_style\" >T\u00e9l\u00e9charger le catalogue<\/button><\/div><\/fieldset><input type=\"hidden\" name=\"trp-form-language\" value=\"en\"\/><\/form><div id='fluentform_9_errors' class='ff-errors-in-stack ff_form_instance_9_1 ff-form-loading_errors ff_form_instance_9_1_errors'><\/div><\/div>        <script type=\"text\/javascript\">\n            window.fluent_form_ff_form_instance_9_1 = {\"id\":\"9\",\"settings\":{\"layout\":{\"labelPlacement\":\"top\",\"helpMessagePlacement\":\"with_label\",\"errorMessagePlacement\":\"inline\",\"cssClassName\":\"\",\"asteriskPlacement\":\"asterisk-right\"},\"restrictions\":{\"denyEmptySubmission\":{\"enabled\":false}}},\"form_instance\":\"ff_form_instance_9_1\",\"form_id_selector\":\"fluentform_9\",\"rules\":{\"names_1[first_name]\":{\"required\":{\"value\":true,\"message\":\"Ce champ est obligatoire\",\"global\":false,\"global_message\":\"Ce champ est obligatoire\"}},\"names_1[middle_name]\":{\"required\":{\"value\":false,\"message\":\"This field is required\",\"global\":false,\"global_message\":\"Ce champ est obligatoire\"}},\"names_1[last_name]\":{\"required\":{\"value\":true,\"message\":\"Ce champ est obligatoire\",\"global\":false,\"global_message\":\"Ce champ est obligatoire\"}},\"email\":{\"required\":{\"value\":true,\"message\":\"Ce champ est obligatoire\",\"global\":false,\"global_message\":\"Ce champ est obligatoire\"},\"email\":{\"value\":true,\"message\":\"Ce champ doit contenir une adresse email valide\",\"global\":false,\"global_message\":\"Ce champ doit contenir un e-mail valide\"}},\"subject\":{\"required\":{\"value\":false,\"message\":\"Subject field is required\",\"global\":false,\"global_message\":\"Ce champ est obligatoire\"}},\"input_text\":{\"required\":{\"value\":false,\"message\":\"This field is required\",\"global_message\":\"Ce champ est obligatoire\",\"global\":true}}},\"debounce_time\":300};\n                    <\/script>\n        <\/div>\n\t\t\t\t\t\t<\/div>\n\t\t\t\t<\/div>\n\t\t\t\t\t<\/div>\n\t\t<\/div>\n\t\t\t\t<div class=\"elementor-column elementor-col-33 elementor-inner-column elementor-element elementor-element-9a4e7da\" data-id=\"9a4e7da\" data-element_type=\"column\">\n\t\t\t<div class=\"elementor-widget-wrap\">\n\t\t\t\t\t\t\t<\/div>\n\t\t<\/div>\n\t\t\t\t\t<\/div>\n\t\t<\/section>\n\t\t\t\t\t<\/div>\n\t\t<\/div>\n\t\t\t\t\t<\/div>\n\t\t<\/section>\n\t\t\t\t<\/div>","protected":false},"excerpt":{"rendered":"<p>ET SI 2026 MARQUAIT VOTRE EXCELLENCE EN MARCH\u00e9S PUBLICS ? TELECHARGER LE CATALOGUE T\u00e9l\u00e9charge le catalogue des formations Remplissez le formulaire pour recevoir le catalogue des formations IICP 2026 directement dans votre bo\u00eete mail.<\/p>","protected":false},"author":1,"featured_media":0,"parent":0,"menu_order":0,"comment_status":"closed","ping_status":"closed","template":"","meta":{"om_disable_all_campaigns":false,"_monsterinsights_skip_tracking":false,"_monsterinsights_sitenote_active":false,"_monsterinsights_sitenote_note":"","_monsterinsights_sitenote_category":0,"site-sidebar-layout":"no-sidebar","site-content-layout":"page-builder","ast-global-header-display":"","ast-banner-title-visibility":"","ast-main-header-display":"","ast-hfb-above-header-display":"","ast-hfb-below-header-display":"","ast-hfb-mobile-header-display":"","site-post-title":"disabled","ast-breadcrumbs-content":"","ast-featured-img":"disabled","footer-sml-layout":"","theme-transparent-header-meta":"","adv-header-id-meta":"","stick-header-meta":"","header-above-stick-meta":"","header-main-stick-meta":"","header-below-stick-meta":"","footnotes":""},"class_list":["post-914","page","type-page","status-publish","hentry"],"yoast_head":"<!-- This site is optimized with the Yoast SEO plugin v27.4 - https:\/\/yoast.com\/product\/yoast-seo-wordpress\/ -->\n<title>T\u00e9l\u00e9charger le catalogue 2026 -<\/title>\n<meta name=\"robots\" content=\"index, follow, max-snippet:-1, max-image-preview:large, max-video-preview:-1\" \/>\n<link rel=\"canonical\" href=\"https:\/\/iicp.campusdumonde.org\/en\/telecharger-le-catalogue-2026\/\" \/>\n<meta property=\"og:locale\" content=\"en_GB\" \/>\n<meta property=\"og:type\" content=\"article\" \/>\n<meta property=\"og:title\" content=\"T\u00e9l\u00e9charger le catalogue 2026 -\" \/>\n<meta property=\"og:description\" content=\"ET SI 2026 MARQUAIT VOTRE EXCELLENCE EN MARCH\u00e9S PUBLICS ? TELECHARGER LE CATALOGUE T\u00e9l\u00e9charge le catalogue des formations Remplissez le formulaire pour recevoir le catalogue des formations IICP 2026 directement dans votre bo\u00eete mail.\" \/>\n<meta property=\"og:url\" content=\"https:\/\/iicp.campusdumonde.org\/en\/telecharger-le-catalogue-2026\/\" \/>\n<meta property=\"article:modified_time\" content=\"2026-02-11T12:31:58+00:00\" \/>\n<meta name=\"twitter:card\" content=\"summary_large_image\" \/>\n<meta name=\"twitter:label1\" content=\"Estimated reading time\" \/>\n\t<meta name=\"twitter:data1\" content=\"1 minute\" \/>\n<script type=\"application\/ld+json\" class=\"yoast-schema-graph\">{\"@context\":\"https:\\\/\\\/schema.org\",\"@graph\":[{\"@type\":\"WebPage\",\"@id\":\"https:\\\/\\\/iicp.campusdumonde.org\\\/telecharger-le-catalogue-2026\\\/\",\"url\":\"https:\\\/\\\/iicp.campusdumonde.org\\\/telecharger-le-catalogue-2026\\\/\",\"name\":\"T\u00e9l\u00e9charger le catalogue 2026 -\",\"isPartOf\":{\"@id\":\"https:\\\/\\\/iicp.campusdumonde.org\\\/#website\"},\"datePublished\":\"2026-02-11T12:27:47+00:00\",\"dateModified\":\"2026-02-11T12:31:58+00:00\",\"breadcrumb\":{\"@id\":\"https:\\\/\\\/iicp.campusdumonde.org\\\/telecharger-le-catalogue-2026\\\/#breadcrumb\"},\"inLanguage\":\"en-GB\",\"potentialAction\":[{\"@type\":\"ReadAction\",\"target\":[\"https:\\\/\\\/iicp.campusdumonde.org\\\/telecharger-le-catalogue-2026\\\/\"]}]},{\"@type\":\"BreadcrumbList\",\"@id\":\"https:\\\/\\\/iicp.campusdumonde.org\\\/telecharger-le-catalogue-2026\\\/#breadcrumb\",\"itemListElement\":[{\"@type\":\"ListItem\",\"position\":1,\"name\":\"Home\",\"item\":\"https:\\\/\\\/iicp.campusdumonde.org\\\/\"},{\"@type\":\"ListItem\",\"position\":2,\"name\":\"T\u00e9l\u00e9charger le catalogue 2026\"}]},{\"@type\":\"WebSite\",\"@id\":\"https:\\\/\\\/iicp.campusdumonde.org\\\/#website\",\"url\":\"https:\\\/\\\/iicp.campusdumonde.org\\\/\",\"name\":\"\",\"description\":\"Boostez vos comp\u00e9tences en march\u00e9s publics\",\"potentialAction\":[{\"@type\":\"SearchAction\",\"target\":{\"@type\":\"EntryPoint\",\"urlTemplate\":\"https:\\\/\\\/iicp.campusdumonde.org\\\/?s={search_term_string}\"},\"query-input\":{\"@type\":\"PropertyValueSpecification\",\"valueRequired\":true,\"valueName\":\"search_term_string\"}}],\"inLanguage\":\"en-GB\"}]}<\/script>\n<!-- \/ Yoast SEO plugin. -->","yoast_head_json":{"title":"T\u00e9l\u00e9charger le catalogue 2026 -","robots":{"index":"index","follow":"follow","max-snippet":"max-snippet:-1","max-image-preview":"max-image-preview:large","max-video-preview":"max-video-preview:-1"},"canonical":"https:\/\/iicp.campusdumonde.org\/en\/telecharger-le-catalogue-2026\/","og_locale":"en_GB","og_type":"article","og_title":"T\u00e9l\u00e9charger le catalogue 2026 -","og_description":"ET SI 2026 MARQUAIT VOTRE EXCELLENCE EN MARCH\u00e9S PUBLICS ? TELECHARGER LE CATALOGUE T\u00e9l\u00e9charge le catalogue des formations Remplissez le formulaire pour recevoir le catalogue des formations IICP 2026 directement dans votre bo\u00eete mail.","og_url":"https:\/\/iicp.campusdumonde.org\/en\/telecharger-le-catalogue-2026\/","article_modified_time":"2026-02-11T12:31:58+00:00","twitter_card":"summary_large_image","twitter_misc":{"Estimated reading time":"1 minute"},"schema":{"@context":"https:\/\/schema.org","@graph":[{"@type":"WebPage","@id":"https:\/\/iicp.campusdumonde.org\/telecharger-le-catalogue-2026\/","url":"https:\/\/iicp.campusdumonde.org\/telecharger-le-catalogue-2026\/","name":"T\u00e9l\u00e9charger le catalogue 2026 -","isPartOf":{"@id":"https:\/\/iicp.campusdumonde.org\/#website"},"datePublished":"2026-02-11T12:27:47+00:00","dateModified":"2026-02-11T12:31:58+00:00","breadcrumb":{"@id":"https:\/\/iicp.campusdumonde.org\/telecharger-le-catalogue-2026\/#breadcrumb"},"inLanguage":"en-GB","potentialAction":[{"@type":"ReadAction","target":["https:\/\/iicp.campusdumonde.org\/telecharger-le-catalogue-2026\/"]}]},{"@type":"BreadcrumbList","@id":"https:\/\/iicp.campusdumonde.org\/telecharger-le-catalogue-2026\/#breadcrumb","itemListElement":[{"@type":"ListItem","position":1,"name":"Home","item":"https:\/\/iicp.campusdumonde.org\/"},{"@type":"ListItem","position":2,"name":"T\u00e9l\u00e9charger le catalogue 2026"}]},{"@type":"WebSite","@id":"https:\/\/iicp.campusdumonde.org\/#website","url":"https:\/\/iicp.campusdumonde.org\/","name":"","description":"Boostez vos comp\u00e9tences en march\u00e9s publics","potentialAction":[{"@type":"SearchAction","target":{"@type":"EntryPoint","urlTemplate":"https:\/\/iicp.campusdumonde.org\/?s={search_term_string}"},"query-input":{"@type":"PropertyValueSpecification","valueRequired":true,"valueName":"search_term_string"}}],"inLanguage":"en-GB"}]}},"rttpg_featured_image_url":null,"rttpg_author":{"display_name":"IICP","author_link":"https:\/\/iicp.campusdumonde.org\/en\/author\/iicp\/"},"rttpg_comment":0,"rttpg_category":null,"rttpg_excerpt":"ET SI 2026 MARQUAIT VOTRE EXCELLENCE EN MARCH\u00e9S PUBLICS ? TELECHARGER LE CATALOGUE T\u00e9l\u00e9charge le catalogue des formations Remplissez le formulaire pour recevoir le catalogue des formations IICP 2026 directement dans votre bo\u00eete mail.","_links":{"self":[{"href":"https:\/\/iicp.campusdumonde.org\/en\/wp-json\/wp\/v2\/pages\/914","targetHints":{"allow":["GET"]}}],"collection":[{"href":"https:\/\/iicp.campusdumonde.org\/en\/wp-json\/wp\/v2\/pages"}],"about":[{"href":"https:\/\/iicp.campusdumonde.org\/en\/wp-json\/wp\/v2\/types\/page"}],"author":[{"embeddable":true,"href":"https:\/\/iicp.campusdumonde.org\/en\/wp-json\/wp\/v2\/users\/1"}],"replies":[{"embeddable":true,"href":"https:\/\/iicp.campusdumonde.org\/en\/wp-json\/wp\/v2\/comments?post=914"}],"version-history":[{"count":10,"href":"https:\/\/iicp.campusdumonde.org\/en\/wp-json\/wp\/v2\/pages\/914\/revisions"}],"predecessor-version":[{"id":927,"href":"https:\/\/iicp.campusdumonde.org\/en\/wp-json\/wp\/v2\/pages\/914\/revisions\/927"}],"wp:attachment":[{"href":"https:\/\/iicp.campusdumonde.org\/en\/wp-json\/wp\/v2\/media?parent=914"}],"curies":[{"name":"wp","href":"https:\/\/api.w.org\/{rel}","templated":true}]}}